{"id":983,"date":"2025-02-25T23:54:30","date_gmt":"2025-02-25T23:54:30","guid":{"rendered":"https:\/\/destinednrg.com\/?page_id=983"},"modified":"2026-04-21T14:24:04","modified_gmt":"2026-04-21T14:24:04","slug":"contacto","status":"publish","type":"page","link":"https:\/\/destinednrg.com\/es\/contact\/","title":{"rendered":"P\u00f3ngase en contacto con Destined Energy hoy mismo: expertos de confianza en energ\u00eda solar y veh\u00edculos el\u00e9ctricos en Texas."},"content":{"rendered":"\t\t<div data-elementor-type=\"wp-page\" data-elementor-id=\"983\" class=\"elementor elementor-983\" data-elementor-post-type=\"page\">\n\t\t\t\t<div class=\"elementor-element elementor-element-1501d04 e-flex e-con-boxed e-con e-parent\" data-id=\"1501d04\" data-element_type=\"container\" data-e-type=\"container\">\n\t\t\t\t\t<div class=\"e-con-inner\">\n\t\t\t\t<div class=\"elementor-element elementor-element-ea85a90 elementor-widget elementor-widget-spacer\" data-id=\"ea85a90\" data-element_type=\"widget\" data-e-type=\"widget\" data-widget_type=\"spacer.default\">\n\t\t\t\t<div class=\"elementor-widget-container\">\n\t\t\t\t\t\t\t<div class=\"elementor-spacer\">\n\t\t\t<div class=\"elementor-spacer-inner\"><\/div>\n\t\t<\/div>\n\t\t\t\t\t\t<\/div>\n\t\t\t\t<\/div>\n\t\t\t\t\t<\/div>\n\t\t\t\t<\/div>\n\t\t<div class=\"elementor-element elementor-element-12219370 e-flex e-con-boxed e-con e-parent\" data-id=\"12219370\" data-element_type=\"container\" data-e-type=\"container\">\n\t\t\t\t\t<div class=\"e-con-inner\">\n\t\t\t\t<div class=\"elementor-element elementor-element-15e94d5 elementor-widget__width-initial elementor-widget elementor-widget-heading\" data-id=\"15e94d5\" data-element_type=\"widget\" data-e-type=\"widget\" data-widget_type=\"heading.default\">\n\t\t\t\t<div class=\"elementor-widget-container\">\n\t\t\t\t\t<h1 class=\"elementor-heading-title elementor-size-default\"><h1 class=\"main-title\">\n  <span class=\"primary-text\">CONTACT<\/span>\n  <span class=\"secondary-text\">Destined Energy &amp; DNRG Electrical Co.<\/span>\n<\/h1> Trusted Experts in Energy Solutions and Commercial Electrical Contracting.<\/h1>\t\t\t\t<\/div>\n\t\t\t\t<\/div>\n\t\t\t\t<div class=\"elementor-element elementor-element-a5f3af8 elementor-widget elementor-widget-spacer\" data-id=\"a5f3af8\" data-element_type=\"widget\" data-e-type=\"widget\" data-widget_type=\"spacer.default\">\n\t\t\t\t<div class=\"elementor-widget-container\">\n\t\t\t\t\t\t\t<div class=\"elementor-spacer\">\n\t\t\t<div class=\"elementor-spacer-inner\"><\/div>\n\t\t<\/div>\n\t\t\t\t\t\t<\/div>\n\t\t\t\t<\/div>\n\t\t\t\t<div class=\"elementor-element elementor-element-4904ff8a elementor-widget elementor-widget-heading\" data-id=\"4904ff8a\" data-element_type=\"widget\" data-e-type=\"widget\" data-widget_type=\"heading.default\">\n\t\t\t\t<div class=\"elementor-widget-container\">\n\t\t\t\t\t<h2 class=\"elementor-heading-title elementor-size-default\">Ready to partner with trusted experts for a <span style=\"color:#FE9925\">sustainable energy and electrical future?<\/span><\/h2>\t\t\t\t<\/div>\n\t\t\t\t<\/div>\n\t\t\t\t<div class=\"elementor-element elementor-element-927e807 elementor-widget elementor-widget-spacer\" data-id=\"927e807\" data-element_type=\"widget\" data-e-type=\"widget\" data-widget_type=\"spacer.default\">\n\t\t\t\t<div class=\"elementor-widget-container\">\n\t\t\t\t\t\t\t<div class=\"elementor-spacer\">\n\t\t\t<div class=\"elementor-spacer-inner\"><\/div>\n\t\t<\/div>\n\t\t\t\t\t\t<\/div>\n\t\t\t\t<\/div>\n\t\t\t\t<div class=\"elementor-element elementor-element-3389b3a8 elementor-widget elementor-widget-text-editor\" data-id=\"3389b3a8\" data-element_type=\"widget\" data-e-type=\"widget\" data-widget_type=\"text-editor.default\">\n\t\t\t\t<div class=\"elementor-widget-container\">\n\t\t\t\t\t\t\t\t\t<p>At Destined Energy &amp; DNRG Electrical Co., our trusted experts are here to answer all your questions and guide you through the solar energy and commercial electrical contracting process. Whether you need more information about our integrated energy solutions or want to schedule a free consultation, we\u2019re ready to assist you.<\/p>\t\t\t\t\t\t\t\t<\/div>\n\t\t\t\t<\/div>\n\t\t\t\t<div class=\"elementor-element elementor-element-9f9f5b1 elementor-widget elementor-widget-spacer\" data-id=\"9f9f5b1\" data-element_type=\"widget\" data-e-type=\"widget\" data-widget_type=\"spacer.default\">\n\t\t\t\t<div class=\"elementor-widget-container\">\n\t\t\t\t\t\t\t<div class=\"elementor-spacer\">\n\t\t\t<div class=\"elementor-spacer-inner\"><\/div>\n\t\t<\/div>\n\t\t\t\t\t\t<\/div>\n\t\t\t\t<\/div>\n\t\t\t\t<div class=\"elementor-element elementor-element-1b92c94f elementor-button-align-center elementor-widget elementor-widget-global elementor-global-985 elementor-widget-form\" data-id=\"1b92c94f\" data-element_type=\"widget\" data-e-type=\"widget\" data-settings=\"{&quot;step_next_label&quot;:&quot;Next&quot;,&quot;step_previous_label&quot;:&quot;Previous&quot;,&quot;button_width&quot;:&quot;100&quot;,&quot;step_type&quot;:&quot;number_text&quot;,&quot;step_icon_shape&quot;:&quot;circle&quot;}\" data-widget_type=\"form.default\">\n\t\t\t\t<div class=\"elementor-widget-container\">\n\t\t\t\t\t\t\t<form class=\"elementor-form\" method=\"post\" name=\"New Form\" aria-label=\"New Form\">\n\t\t\t<input type=\"hidden\" name=\"post_id\" value=\"983\"\/>\n\t\t\t<input type=\"hidden\" name=\"form_id\" value=\"1b92c94f\"\/>\n\t\t\t<input type=\"hidden\" name=\"referer_title\" value=\"\" \/>\n\n\t\t\t\n\t\t\t<div class=\"elementor-form-fields-wrapper elementor-labels-above\">\n\t\t\t\t\t\t\t\t<div class=\"elementor-field-type-text elementor-field-group elementor-column elementor-field-group-name elementor-col-50\">\n\t\t\t\t\t\t\t\t\t\t\t\t<label for=\"form-field-name\" class=\"elementor-field-label\">\n\t\t\t\t\t\t\t\tFirst Name\t\t\t\t\t\t\t<\/label>\n\t\t\t\t\t\t\t\t\t\t\t\t\t\t<input size=\"1\" type=\"text\" name=\"form_fields[name]\" id=\"form-field-name\" class=\"elementor-field elementor-size-sm  elementor-field-textual\" placeholder=\"First Name\">\n\t\t\t\t\t\t\t\t\t\t\t<\/div>\n\t\t\t\t\t\t\t\t<div class=\"elementor-field-type-text elementor-field-group elementor-column elementor-field-group-field_1d660a0 elementor-col-50\">\n\t\t\t\t\t\t\t\t\t\t\t\t<label for=\"form-field-field_1d660a0\" class=\"elementor-field-label\">\n\t\t\t\t\t\t\t\tLast Name\t\t\t\t\t\t\t<\/label>\n\t\t\t\t\t\t\t\t\t\t\t\t\t\t<input size=\"1\" type=\"text\" name=\"form_fields[field_1d660a0]\" id=\"form-field-field_1d660a0\" class=\"elementor-field elementor-size-sm  elementor-field-textual\" placeholder=\"Last Name\">\n\t\t\t\t\t\t\t\t\t\t\t<\/div>\n\t\t\t\t\t\t\t\t<div class=\"elementor-field-type-email elementor-field-group elementor-column elementor-field-group-email elementor-col-100 elementor-field-required\">\n\t\t\t\t\t\t\t\t\t\t\t\t<label for=\"form-field-email\" class=\"elementor-field-label\">\n\t\t\t\t\t\t\t\tEmail\t\t\t\t\t\t\t<\/label>\n\t\t\t\t\t\t\t\t\t\t\t\t\t\t<input size=\"1\" type=\"email\" name=\"form_fields[email]\" id=\"form-field-email\" class=\"elementor-field elementor-size-sm  elementor-field-textual\" placeholder=\"Email\" required=\"required\">\n\t\t\t\t\t\t\t\t\t\t\t<\/div>\n\t\t\t\t\t\t\t\t<div class=\"elementor-field-type-text elementor-field-group elementor-column elementor-field-group-field_a07686f elementor-col-50 elementor-field-required\">\n\t\t\t\t\t\t\t\t\t\t\t\t<label for=\"form-field-field_a07686f\" class=\"elementor-field-label\">\n\t\t\t\t\t\t\t\tZIP Code\t\t\t\t\t\t\t<\/label>\n\t\t\t\t\t\t\t\t\t\t\t\t\t\t<input size=\"1\" type=\"text\" name=\"form_fields[field_a07686f]\" id=\"form-field-field_a07686f\" class=\"elementor-field elementor-size-sm  elementor-field-textual\" placeholder=\"ZIP Code\" required=\"required\">\n\t\t\t\t\t\t\t\t\t\t\t<\/div>\n\t\t\t\t\t\t\t\t<div class=\"elementor-field-type-text elementor-field-group elementor-column elementor-field-group-field_5868ab6 elementor-col-50 elementor-field-required\">\n\t\t\t\t\t\t\t\t\t\t\t\t<label for=\"form-field-field_5868ab6\" class=\"elementor-field-label\">\n\t\t\t\t\t\t\t\tPhone\t\t\t\t\t\t\t<\/label>\n\t\t\t\t\t\t\t\t\t\t\t\t\t\t<input size=\"1\" type=\"text\" name=\"form_fields[field_5868ab6]\" id=\"form-field-field_5868ab6\" class=\"elementor-field elementor-size-sm  elementor-field-textual\" placeholder=\"Phone\" required=\"required\">\n\t\t\t\t\t\t\t\t\t\t\t<\/div>\n\t\t\t\t\t\t\t\t<div class=\"elementor-field-type-radio elementor-field-group elementor-column elementor-field-group-field_a415331 elementor-col-100 elementor-field-required\">\n\t\t\t\t\t\t\t\t\t\t\t\t<label for=\"form-field-field_a415331\" class=\"elementor-field-label\">\n\t\t\t\t\t\t\t\tDo you own your own home?\t\t\t\t\t\t\t<\/label>\n\t\t\t\t\t\t<div class=\"elementor-field-subgroup  elementor-subgroup-inline\"><span class=\"elementor-field-option\"><input type=\"radio\" value=\"Yes\" id=\"form-field-field_a415331-0\" name=\"form_fields[field_a415331]\" required=\"required\"> <label for=\"form-field-field_a415331-0\">Yes<\/label><\/span><span class=\"elementor-field-option\"><input type=\"radio\" value=\"No\" id=\"form-field-field_a415331-1\" name=\"form_fields[field_a415331]\" required=\"required\"> <label for=\"form-field-field_a415331-1\">No<\/label><\/span><\/div>\t\t\t\t<\/div>\n\t\t\t\t\t\t\t\t<div class=\"elementor-field-type-recaptcha_v3 elementor-field-group elementor-column elementor-field-group-field_c1cd262 elementor-col-100 recaptcha_v3-bottomright\">\n\t\t\t\t\t<div class=\"elementor-field\" id=\"form-field-field_c1cd262\"><div class=\"elementor-g-recaptcha\" data-sitekey=\"6LegC7IrAAAAACMO3quTY7HmJBv1Y-YwhtQeII-4\" data-type=\"v3\" data-action=\"Form\" data-badge=\"bottomright\" data-size=\"invisible\"><\/div><\/div>\t\t\t\t<\/div>\n\t\t\t\t\t\t\t\t<div class=\"elementor-field-type-hidden elementor-field-group elementor-column elementor-field-group-gclid elementor-col-100\">\n\t\t\t\t\t\t\t\t\t\t\t\t\t<input size=\"1\" type=\"hidden\" name=\"form_fields[gclid]\" id=\"form-field-gclid\" class=\"elementor-field elementor-size-sm  elementor-field-textual\">\n\t\t\t\t\t\t\t\t\t\t\t<\/div>\n\t\t\t\t\t\t\t\t<div class=\"elementor-field-group elementor-column elementor-field-type-submit elementor-col-100 e-form__buttons\">\n\t\t\t\t\t<button class=\"elementor-button elementor-size-sm\" type=\"submit\">\n\t\t\t\t\t\t<span class=\"elementor-button-content-wrapper\">\n\t\t\t\t\t\t\t\t\t\t\t\t\t\t\t\t\t\t\t\t\t\t<span class=\"elementor-button-text\">Send<\/span>\n\t\t\t\t\t\t\t\t\t\t\t\t\t<\/span>\n\t\t\t\t\t<\/button>\n\t\t\t\t<\/div>\n\t\t\t<\/div>\n\t\t<\/form>\n\t\t\t\t\t\t<\/div>\n\t\t\t\t<\/div>\n\t\t\t\t<div class=\"elementor-element elementor-element-1cd0a347 elementor-widget elementor-widget-spacer\" data-id=\"1cd0a347\" data-element_type=\"widget\" data-e-type=\"widget\" data-widget_type=\"spacer.default\">\n\t\t\t\t<div class=\"elementor-widget-container\">\n\t\t\t\t\t\t\t<div class=\"elementor-spacer\">\n\t\t\t<div class=\"elementor-spacer-inner\"><\/div>\n\t\t<\/div>\n\t\t\t\t\t\t<\/div>\n\t\t\t\t<\/div>\n\t\t\t\t\t<\/div>\n\t\t\t\t<\/div>\n\t\t<div class=\"elementor-element elementor-element-f6009b7 e-flex e-con-boxed e-con e-parent\" data-id=\"f6009b7\" data-element_type=\"container\" data-e-type=\"container\">\n\t\t\t\t\t<div class=\"e-con-inner\">\n\t\t\t\t<div class=\"elementor-element elementor-element-915a203 elementor-widget__width-inherit elementor-widget elementor-widget-html\" data-id=\"915a203\" data-element_type=\"widget\" data-e-type=\"widget\" data-widget_type=\"html.default\">\n\t\t\t\t<div class=\"elementor-widget-container\">\n\t\t\t\t\t<style>\r\n    \/* Contenedor Ultra-Slim y Minimalista *\/\r\n    .ticker-wrapper-vogue {\r\n        width: 100%;\r\n        overflow: hidden;\r\n        background: transparent;\r\n        padding: 8px 0;\r\n        display: flex;\r\n        align-items: center;\r\n        border-top: 1px solid rgba(255,255,255,0.08);\r\n        border-bottom: 1px solid rgba(255,255,255,0.08);\r\n    }\r\n\r\n    \/* Animaci\u00f3n fluida con velocidad ajustada *\/\r\n    .ticker-scroll-vogue {\r\n        display: flex;\r\n        white-space: nowrap;\r\n        animation: ticker-move-vogue 22s linear infinite;\r\n    }\r\n\r\n    \/* Estilo de texto: Letra peque\u00f1a, mucho aire (espaciado) *\/\r\n    .ticker-item-vogue {\r\n        color: #ffffff;\r\n        font-family: 'Helvetica Neue', Helvetica, Arial, sans-serif;\r\n        font-size: 11px;\r\n        font-weight: 500;\r\n        text-transform: uppercase;\r\n        letter-spacing: 2.2px;\r\n        padding: 0 35px;\r\n        display: flex;\r\n        align-items: center;\r\n        opacity: 0.9;\r\n    }\r\n\r\n    \/* Separador: Punto centrado con opacidad baja *\/\r\n    .ticker-item-vogue::after {\r\n        content: \"\u2022\";\r\n        margin-left: 70px;\r\n        color: #ffffff;\r\n        opacity: 0.4;\r\n        font-size: 14px;\r\n    }\r\n\r\n    @keyframes ticker-move-vogue {\r\n        0% { transform: translateX(0); }\r\n        100% { transform: translateX(-50%); }\r\n    }\r\n\r\n    .ticker-wrapper-vogue:hover .ticker-scroll-vogue {\r\n        animation-play-state: paused;\r\n    }\r\n<\/style>\r\n\r\n<div class=\"ticker-wrapper-vogue\">\r\n    <div class=\"ticker-scroll-vogue\">\r\n        <span class=\"ticker-item-vogue\">Destined Energy<\/span>\r\n        <span class=\"ticker-item-vogue\">Commercial & Residential Solar Solutions<\/span>\r\n        <span class=\"ticker-item-vogue\">DNRG Electrical Co. (DBA of Destined Energy LLC)<\/span>\r\n        <span class=\"ticker-item-vogue\">Licensed Electrical Contractor<\/span>\r\n        <span class=\"ticker-item-vogue\">TECL #38062<\/span>\r\n        <span class=\"ticker-item-vogue\">Fully Insured<\/span>\r\n        <span class=\"ticker-item-vogue\">NEC Code-Compliant<\/span>\r\n\r\n        <span class=\"ticker-item-vogue\">Destined Energy<\/span>\r\n        <span class=\"ticker-item-vogue\">Commercial & Residential Solar Solutions<\/span>\r\n        <span class=\"ticker-item-vogue\">DNRG Electrical Co. (DBA of Destined Energy LLC)<\/span>\r\n        <span class=\"ticker-item-vogue\">Licensed Electrical Contractor<\/span>\r\n        <span class=\"ticker-item-vogue\">TECL #38062<\/span>\r\n        <span class=\"ticker-item-vogue\">Fully Insured<\/span>\r\n        <span class=\"ticker-item-vogue\">NEC Code-Compliant<\/span>\r\n    <\/div>\r\n<\/div>\t\t\t\t<\/div>\n\t\t\t\t<\/div>\n\t\t\t\t\t<\/div>\n\t\t\t\t<\/div>\n\t\t<div class=\"elementor-element elementor-element-417392ab e-flex e-con-boxed e-con e-parent\" data-id=\"417392ab\" data-element_type=\"container\" data-e-type=\"container\" data-settings=\"{&quot;background_background&quot;:&quot;classic&quot;}\">\n\t\t\t\t\t<div class=\"e-con-inner\">\n\t\t<div class=\"elementor-element elementor-element-2d876328 e-con-full e-flex e-con e-child\" data-id=\"2d876328\" data-element_type=\"container\" data-e-type=\"container\">\n\t\t<div class=\"elementor-element elementor-element-6d237fbf e-con-full e-flex e-con e-child\" data-id=\"6d237fbf\" data-element_type=\"container\" data-e-type=\"container\" data-settings=\"{&quot;background_background&quot;:&quot;classic&quot;}\">\n\t\t\t\t<div class=\"elementor-element elementor-element-57e679b elementor-widget elementor-widget-heading\" data-id=\"57e679b\" data-element_type=\"widget\" data-e-type=\"widget\" data-widget_type=\"heading.default\">\n\t\t\t\t<div class=\"elementor-widget-container\">\n\t\t\t\t\t<h2 class=\"elementor-heading-title elementor-size-default\">We\u2019re Here to Help<\/h2>\t\t\t\t<\/div>\n\t\t\t\t<\/div>\n\t\t\t\t<div class=\"elementor-element elementor-element-bfb28c5 elementor-widget-divider--view-line elementor-widget elementor-widget-divider\" data-id=\"bfb28c5\" data-element_type=\"widget\" data-e-type=\"widget\" data-widget_type=\"divider.default\">\n\t\t\t\t<div class=\"elementor-widget-container\">\n\t\t\t\t\t\t\t<div class=\"elementor-divider\">\n\t\t\t<span class=\"elementor-divider-separator\">\n\t\t\t\t\t\t<\/span>\n\t\t<\/div>\n\t\t\t\t\t\t<\/div>\n\t\t\t\t<\/div>\n\t\t\t\t<div class=\"elementor-element elementor-element-1269b249 elementor-widget elementor-widget-text-editor\" data-id=\"1269b249\" data-element_type=\"widget\" data-e-type=\"widget\" data-widget_type=\"text-editor.default\">\n\t\t\t\t<div class=\"elementor-widget-container\">\n\t\t\t\t\t\t\t\t\t<p>Contact Our Trusted Experts for More Information on Sustainable Energy and Commercial Electrical Contracting.<\/p>\t\t\t\t\t\t\t\t<\/div>\n\t\t\t\t<\/div>\n\t\t\t\t<\/div>\n\t\t\t\t<\/div>\n\t\t\t\t\t<\/div>\n\t\t\t\t<\/div>\n\t\t<div class=\"elementor-element elementor-element-f731148 e-flex e-con-boxed e-con e-parent\" data-id=\"f731148\" data-element_type=\"container\" data-e-type=\"container\">\n\t\t\t\t\t<div class=\"e-con-inner\">\n\t\t\t\t<div class=\"elementor-element elementor-element-b495ec2 elementor-widget elementor-widget-spacer\" data-id=\"b495ec2\" data-element_type=\"widget\" data-e-type=\"widget\" data-widget_type=\"spacer.default\">\n\t\t\t\t<div class=\"elementor-widget-container\">\n\t\t\t\t\t\t\t<div class=\"elementor-spacer\">\n\t\t\t<div class=\"elementor-spacer-inner\"><\/div>\n\t\t<\/div>\n\t\t\t\t\t\t<\/div>\n\t\t\t\t<\/div>\n\t\t\t\t\t<\/div>\n\t\t\t\t<\/div>\n\t\t<div class=\"elementor-element elementor-element-1fe8dd2 e-flex e-con-boxed e-con e-parent\" data-id=\"1fe8dd2\" data-element_type=\"container\" data-e-type=\"container\">\n\t\t\t\t\t<div class=\"e-con-inner\">\n\t\t<div class=\"elementor-element elementor-element-b30c4ed e-con-full e-flex e-con e-child\" data-id=\"b30c4ed\" data-element_type=\"container\" data-e-type=\"container\">\n\t\t\t\t<div class=\"elementor-element elementor-element-a418c97 elementor-widget elementor-widget-heading\" data-id=\"a418c97\" data-element_type=\"widget\" data-e-type=\"widget\" data-widget_type=\"heading.default\">\n\t\t\t\t<div class=\"elementor-widget-container\">\n\t\t\t\t\t<h2 class=\"elementor-heading-title elementor-size-default\"><span style=\"color:#FBFBFB !important\">Where can <\/span>\n<\/br>you find us?<\/h2>\t\t\t\t<\/div>\n\t\t\t\t<\/div>\n\t\t\t\t<\/div>\n\t\t<div class=\"elementor-element elementor-element-1082657 e-con-full e-flex e-con e-child\" data-id=\"1082657\" data-element_type=\"container\" data-e-type=\"container\" data-settings=\"{&quot;background_background&quot;:&quot;classic&quot;}\">\n\t\t\t\t<div class=\"elementor-element elementor-element-7743f82 elementor-widget elementor-widget-image\" data-id=\"7743f82\" data-element_type=\"widget\" data-e-type=\"widget\" data-widget_type=\"image.default\">\n\t\t\t\t<div class=\"elementor-widget-container\">\n\t\t\t\t\t\t\t\t\t\t\t\t\t\t\t<img fetchpriority=\"high\" decoding=\"async\" width=\"512\" height=\"512\" src=\"https:\/\/destinednrg.com\/wp-content\/uploads\/2025\/02\/mapas-y-banderas-1.avif\" class=\"attachment-large size-large wp-image-1001\" alt=\"\" srcset=\"https:\/\/destinednrg.com\/wp-content\/uploads\/2025\/02\/mapas-y-banderas-1.avif 512w, https:\/\/destinednrg.com\/wp-content\/uploads\/2025\/02\/mapas-y-banderas-1-300x300.avif 300w, https:\/\/destinednrg.com\/wp-content\/uploads\/2025\/02\/mapas-y-banderas-1-150x150.avif 150w\" sizes=\"(max-width: 512px) 100vw, 512px\" title=\"\">\t\t\t\t\t\t\t\t\t\t\t\t\t\t\t<\/div>\n\t\t\t\t<\/div>\n\t\t\t\t<div class=\"elementor-element elementor-element-d3030be elementor-widget elementor-widget-heading\" data-id=\"d3030be\" data-element_type=\"widget\" data-e-type=\"widget\" data-widget_type=\"heading.default\">\n\t\t\t\t<div class=\"elementor-widget-container\">\n\t\t\t\t\t<h2 class=\"elementor-heading-title elementor-size-default\">Office location<\/h2>\t\t\t\t<\/div>\n\t\t\t\t<\/div>\n\t\t\t\t<div class=\"elementor-element elementor-element-92c81fc elementor-widget elementor-widget-text-editor\" data-id=\"92c81fc\" data-element_type=\"widget\" data-e-type=\"widget\" data-widget_type=\"text-editor.default\">\n\t\t\t\t<div class=\"elementor-widget-container\">\n\t\t\t\t\t\t\t\t\t<p>8126 E McKinney St Suite D2, Denton, TX 76208<\/p>\t\t\t\t\t\t\t\t<\/div>\n\t\t\t\t<\/div>\n\t\t\t\t<\/div>\n\t\t<div class=\"elementor-element elementor-element-db04ecf e-con-full e-flex e-con e-child\" data-id=\"db04ecf\" data-element_type=\"container\" data-e-type=\"container\" data-settings=\"{&quot;background_background&quot;:&quot;classic&quot;}\">\n\t\t\t\t<div class=\"elementor-element elementor-element-970be36 elementor-widget elementor-widget-image\" data-id=\"970be36\" data-element_type=\"widget\" data-e-type=\"widget\" data-widget_type=\"image.default\">\n\t\t\t\t<div class=\"elementor-widget-container\">\n\t\t\t\t\t\t\t\t\t\t\t\t\t\t\t<img decoding=\"async\" width=\"512\" height=\"512\" src=\"https:\/\/destinednrg.com\/wp-content\/uploads\/2025\/02\/reloj.avif\" class=\"attachment-large size-large wp-image-999\" alt=\"\" srcset=\"https:\/\/destinednrg.com\/wp-content\/uploads\/2025\/02\/reloj.avif 512w, https:\/\/destinednrg.com\/wp-content\/uploads\/2025\/02\/reloj-300x300.avif 300w, https:\/\/destinednrg.com\/wp-content\/uploads\/2025\/02\/reloj-150x150.avif 150w\" sizes=\"(max-width: 512px) 100vw, 512px\" title=\"\">\t\t\t\t\t\t\t\t\t\t\t\t\t\t\t<\/div>\n\t\t\t\t<\/div>\n\t\t\t\t<div class=\"elementor-element elementor-element-a9b749c elementor-widget elementor-widget-heading\" data-id=\"a9b749c\" data-element_type=\"widget\" data-e-type=\"widget\" data-widget_type=\"heading.default\">\n\t\t\t\t<div class=\"elementor-widget-container\">\n\t\t\t\t\t<h2 class=\"elementor-heading-title elementor-size-default\">Hours<\/h2>\t\t\t\t<\/div>\n\t\t\t\t<\/div>\n\t\t\t\t<div class=\"elementor-element elementor-element-17e81c9 elementor-widget elementor-widget-text-editor\" data-id=\"17e81c9\" data-element_type=\"widget\" data-e-type=\"widget\" data-widget_type=\"text-editor.default\">\n\t\t\t\t<div class=\"elementor-widget-container\">\n\t\t\t\t\t\t\t\t\t<p>From 9 AM to 5 PM\u00a0<\/p>\t\t\t\t\t\t\t\t<\/div>\n\t\t\t\t<\/div>\n\t\t\t\t<\/div>\n\t\t<div class=\"elementor-element elementor-element-935058b e-con-full e-flex e-con e-child\" data-id=\"935058b\" data-element_type=\"container\" data-e-type=\"container\" data-settings=\"{&quot;background_background&quot;:&quot;classic&quot;}\">\n\t\t\t\t<div class=\"elementor-element elementor-element-d4ac0cf elementor-widget elementor-widget-image\" data-id=\"d4ac0cf\" data-element_type=\"widget\" data-e-type=\"widget\" data-widget_type=\"image.default\">\n\t\t\t\t<div class=\"elementor-widget-container\">\n\t\t\t\t\t\t\t\t\t\t\t\t\t\t\t<img decoding=\"async\" width=\"512\" height=\"512\" src=\"https:\/\/destinednrg.com\/wp-content\/uploads\/2025\/02\/musical-1.avif\" class=\"attachment-large size-large wp-image-1002\" alt=\"\" srcset=\"https:\/\/destinednrg.com\/wp-content\/uploads\/2025\/02\/musical-1.avif 512w, https:\/\/destinednrg.com\/wp-content\/uploads\/2025\/02\/musical-1-300x300.avif 300w, https:\/\/destinednrg.com\/wp-content\/uploads\/2025\/02\/musical-1-150x150.avif 150w\" sizes=\"(max-width: 512px) 100vw, 512px\" title=\"\">\t\t\t\t\t\t\t\t\t\t\t\t\t\t\t<\/div>\n\t\t\t\t<\/div>\n\t\t\t\t<div class=\"elementor-element elementor-element-3ac1ab5 elementor-widget elementor-widget-heading\" data-id=\"3ac1ab5\" data-element_type=\"widget\" data-e-type=\"widget\" data-widget_type=\"heading.default\">\n\t\t\t\t<div class=\"elementor-widget-container\">\n\t\t\t\t\t<h2 class=\"elementor-heading-title elementor-size-default\">Contact<\/h2>\t\t\t\t<\/div>\n\t\t\t\t<\/div>\n\t\t\t\t<div class=\"elementor-element elementor-element-78b1914 elementor-widget elementor-widget-text-editor\" data-id=\"78b1914\" data-element_type=\"widget\" data-e-type=\"widget\" data-widget_type=\"text-editor.default\">\n\t\t\t\t<div class=\"elementor-widget-container\">\n\t\t\t\t\t\t\t\t\t<p class=\"footer-phone-email\">\u00a0(469) 277-9628<\/p><p class=\"footer-phone-email\">(956) 965-1323<\/p>\t\t\t\t\t\t\t\t<\/div>\n\t\t\t\t<\/div>\n\t\t\t\t<\/div>\n\t\t\t\t\t<\/div>\n\t\t\t\t<\/div>\n\t\t<div class=\"elementor-element elementor-element-ebe0d62 e-flex e-con-boxed e-con e-parent\" data-id=\"ebe0d62\" data-element_type=\"container\" data-e-type=\"container\">\n\t\t\t\t\t<div class=\"e-con-inner\">\n\t\t\t\t<div class=\"elementor-element elementor-element-9bf8003 elementor-widget elementor-widget-spacer\" data-id=\"9bf8003\" data-element_type=\"widget\" data-e-type=\"widget\" data-widget_type=\"spacer.default\">\n\t\t\t\t<div class=\"elementor-widget-container\">\n\t\t\t\t\t\t\t<div class=\"elementor-spacer\">\n\t\t\t<div class=\"elementor-spacer-inner\"><\/div>\n\t\t<\/div>\n\t\t\t\t\t\t<\/div>\n\t\t\t\t<\/div>\n\t\t\t\t\t<\/div>\n\t\t\t\t<\/div>\n\t\t\t\t<\/div>\n\t\t","protected":false},"excerpt":{"rendered":"<p>CONTACT Destined Energy &amp; DNRG Electrical Co. Trusted Experts in Energy Solutions and Commercial Electrical Contracting. Ready to partner with trusted experts for a sustainable energy and electrical future? At Destined Energy &amp; DNRG Electrical Co., our trusted experts are here to answer all your questions and guide you through the solar energy and commercial [&hellip;]<\/p>\n","protected":false},"author":1,"featured_media":0,"parent":0,"menu_order":0,"comment_status":"closed","ping_status":"closed","template":"","meta":{"inline_featured_image":false,"footnotes":""},"class_list":["post-983","page","type-page","status-publish","hentry"],"_links":{"self":[{"href":"https:\/\/destinednrg.com\/es\/wp-json\/wp\/v2\/pages\/983","targetHints":{"allow":["GET"]}}],"collection":[{"href":"https:\/\/destinednrg.com\/es\/wp-json\/wp\/v2\/pages"}],"about":[{"href":"https:\/\/destinednrg.com\/es\/wp-json\/wp\/v2\/types\/page"}],"author":[{"embeddable":true,"href":"https:\/\/destinednrg.com\/es\/wp-json\/wp\/v2\/users\/1"}],"replies":[{"embeddable":true,"href":"https:\/\/destinednrg.com\/es\/wp-json\/wp\/v2\/comments?post=983"}],"version-history":[{"count":92,"href":"https:\/\/destinednrg.com\/es\/wp-json\/wp\/v2\/pages\/983\/revisions"}],"predecessor-version":[{"id":4959,"href":"https:\/\/destinednrg.com\/es\/wp-json\/wp\/v2\/pages\/983\/revisions\/4959"}],"wp:attachment":[{"href":"https:\/\/destinednrg.com\/es\/wp-json\/wp\/v2\/media?parent=983"}],"curies":[{"name":"wp","href":"https:\/\/api.w.org\/{rel}","templated":true}]}}