{"id":1833,"date":"2025-03-10T14:40:44","date_gmt":"2025-03-10T14:40:44","guid":{"rendered":"https:\/\/destinednrg.com\/?page_id=1833"},"modified":"2025-03-10T14:40:45","modified_gmt":"2025-03-10T14:40:45","slug":"politica-de-privacidad","status":"publish","type":"page","link":"https:\/\/destinednrg.com\/es\/privacy-policy\/","title":{"rendered":"Pol\u00edtica de privacidad"},"content":{"rendered":"<p><strong><br><\/strong><\/p>\n\n\n\n<h3 class=\"wp-block-heading\"><strong>1. Informaci\u00f3n que recopilamos<\/strong><\/h3>\n\n\n\n<p><strong>Datos personales:<\/strong> Nombre, correo electr\u00f3nico, direcci\u00f3n, n\u00famero de tel\u00e9fono (proporcionados durante las compras o consultas).<br><strong>Datos t\u00e9cnicos:<\/strong> Direcci\u00f3n IP, tipo de navegador, cookies.<\/p>\n\n\n\n<h3 class=\"wp-block-heading\"><strong>2. C\u00f3mo utilizamos su informaci\u00f3n<\/strong><\/h3>\n\n\n\n<p>Procesar pedidos, mejorar los servicios y enviar comunicaciones de marketing (con consentimiento).<\/p>\n\n\n\n<h3 class=\"wp-block-heading\"><strong>3. Compartir su informaci\u00f3n<\/strong><\/h3>\n\n\n\n<p>Compartida con proveedores externos con sede en Texas (procesadores de pagos, socios de env\u00edo).<br>Se divulga si as\u00ed lo exige la legislaci\u00f3n de Texas o federal.<\/p>\n\n\n\n<h3 class=\"wp-block-heading\"><strong>4. Seguridad de los datos<\/strong><\/h3>\n\n\n\n<p>El cifrado SSL y los servidores seguros protegen sus datos.<\/p>\n\n\n\n<h3 class=\"wp-block-heading\"><strong>5. Sus derechos<\/strong><\/h3>\n\n\n\n<p>Acceda, corrija o elimine sus datos.<br>Dese de baja del marketing por correo electr\u00f3nico o a trav\u00e9s de nuestro formulario de contacto.<\/p>\n\n\n\n<h3 class=\"wp-block-heading\"><strong>6. Cookies<\/strong><\/h3>\n\n\n\n<p>Administra las cookies a trav\u00e9s de la configuraci\u00f3n de tu navegador.<\/p>\n\n\n\n<h3 class=\"wp-block-heading\"><strong>7. Privacidad de los ni\u00f1os<\/strong><\/h3>\n\n\n\n<p>No recopilamos deliberadamente datos de menores de 13 a\u00f1os (de conformidad con la ley COPPA).<\/p>\n\n\n\n<h3 class=\"wp-block-heading\"><strong>8. Transferencias internacionales de datos<\/strong><\/h3>\n\n\n\n<p>Los datos se almacenan en servidores ubicados en Estados Unidos.<\/p>\n\n\n\n<h3 class=\"wp-block-heading\"><strong>9. Actualizaciones de pol\u00edticas<\/strong><\/h3>\n\n\n\n<p>Los cambios se publicar\u00e1n en esta p\u00e1gina. Las actualizaciones importantes se enviar\u00e1n por correo electr\u00f3nico.<\/p>\n\n\n\n<h3 class=\"wp-block-heading\"><strong>10. Cont\u00e1ctenos<\/strong><\/h3>\n\n\n\n<p><strong>Energ\u00eda destinada<\/strong><strong><br><\/strong><strong>Direcci\u00f3n:<\/strong> 405 State Hwy 121 BYP Suite A250, Lewisville, TX 75067<br><strong>Correo electr\u00f3nico:<\/strong> info@destinednrg.com<\/p>\n\n\n\n<hr class=\"wp-block-separator has-alpha-channel-opacity\"\/>\n\n\n\n<p><strong>A\u00f1adidos espec\u00edficos de Texas<\/strong><\/p>\n\n\n\n<h3 class=\"wp-block-heading\"><strong>Notificaci\u00f3n de violaci\u00f3n de datos<\/strong><\/h3>\n\n\n\n<p>La ley de Texas (Tex. Bus. &amp; Com. Code \u00a7 521.053) exige a las empresas que notifiquen a las personas afectadas las violaciones de datos. Destined Energy cumplir\u00e1 con todos los requisitos aplicables en materia de notificaci\u00f3n de violaciones.<\/p>\n\n\n\n<h3 class=\"wp-block-heading\"><strong>No venta de datos<\/strong><\/h3>\n\n\n\n<p>No vendemos informaci\u00f3n personal a terceros.<\/p>\n\n\n\n<h3 class=\"wp-block-heading\"><strong>Accesibilidad<\/strong><\/h3>\n\n\n\n<p>Las pol\u00edticas cumplen con las Normas de Accesibilidad de Texas (TAS).<\/p>","protected":false},"excerpt":{"rendered":"<p>1. Information We Collect Personal Data: Name, email, address, phone number (provided during purchases or inquiries).Technical Data: IP address, browser type, cookies. 2. How We Use Your Information Process orders, improve services, and send marketing (with consent). 3. Sharing Your Information Shared with Texas-based third-party vendors (payment processors, shipping partners).Disclosed if required by Texas or [&hellip;]<\/p>\n","protected":false},"author":1,"featured_media":0,"parent":0,"menu_order":0,"comment_status":"closed","ping_status":"closed","template":"","meta":{"inline_featured_image":false,"footnotes":""},"class_list":["post-1833","page","type-page","status-publish","hentry"],"_links":{"self":[{"href":"https:\/\/destinednrg.com\/es\/wp-json\/wp\/v2\/pages\/1833","targetHints":{"allow":["GET"]}}],"collection":[{"href":"https:\/\/destinednrg.com\/es\/wp-json\/wp\/v2\/pages"}],"about":[{"href":"https:\/\/destinednrg.com\/es\/wp-json\/wp\/v2\/types\/page"}],"author":[{"embeddable":true,"href":"https:\/\/destinednrg.com\/es\/wp-json\/wp\/v2\/users\/1"}],"replies":[{"embeddable":true,"href":"https:\/\/destinednrg.com\/es\/wp-json\/wp\/v2\/comments?post=1833"}],"version-history":[{"count":1,"href":"https:\/\/destinednrg.com\/es\/wp-json\/wp\/v2\/pages\/1833\/revisions"}],"predecessor-version":[{"id":1834,"href":"https:\/\/destinednrg.com\/es\/wp-json\/wp\/v2\/pages\/1833\/revisions\/1834"}],"wp:attachment":[{"href":"https:\/\/destinednrg.com\/es\/wp-json\/wp\/v2\/media?parent=1833"}],"curies":[{"name":"wp","href":"https:\/\/api.w.org\/{rel}","templated":true}]}}